{"id":43,"date":"2023-12-27T16:29:46","date_gmt":"2023-12-27T15:29:46","guid":{"rendered":"https:\/\/pedro.alsurweb1.com.es\/?page_id=43"},"modified":"2023-12-27T16:52:45","modified_gmt":"2023-12-27T15:52:45","slug":"preguntas-frecuentes","status":"publish","type":"page","link":"https:\/\/pedro.alsurweb1.com.es\/index.php\/preguntas-frecuentes\/","title":{"rendered":"Preguntas Frecuentes"},"content":{"rendered":"<p>[et_pb_section fb_built=\u00bb1&#8243; custom_padding_last_edited=\u00bboff|desktop\u00bb admin_label=\u00bbHero\u00bb _builder_version=\u00bb4.21.0&#8243; use_background_color_gradient=\u00bbon\u00bb background_color_gradient_stops=\u00bb#ffffff 0%|#e7edf9 100%\u00bb background_color_gradient_start=\u00bb#ffffff\u00bb background_color_gradient_end=\u00bb#e7edf9&#8243; custom_margin=\u00bb|||\u00bb custom_padding=\u00bb100px||100px|\u00bb custom_padding_tablet=\u00bb130px||130px|\u00bb hover_enabled=\u00bb0&#8243; global_colors_info=\u00bb{}\u00bb theme_builder_area=\u00bbpost_content\u00bb sticky_enabled=\u00bb0&#8243;][et_pb_row _builder_version=\u00bb4.16&#8243; background_size=\u00bbinitial\u00bb background_position=\u00bbtop_left\u00bb background_repeat=\u00bbrepeat\u00bb custom_margin=\u00bb|||\u00bb global_colors_info=\u00bb{}\u00bb theme_builder_area=\u00bbpost_content\u00bb][et_pb_column type=\u00bb4_4&#8243; _builder_version=\u00bb4.16&#8243; custom_padding=\u00bb|||\u00bb global_colors_info=\u00bb{}\u00bb custom_padding__hover=\u00bb|||\u00bb theme_builder_area=\u00bbpost_content\u00bb][et_pb_text _builder_version=\u00bb4.16&#8243; text_font=\u00bb||||||||\u00bb header_font=\u00bbMerriweather|700|||||||\u00bb header_font_size=\u00bb46px\u00bb header_line_height=\u00bb1.3em\u00bb text_orientation=\u00bbcenter\u00bb max_width=\u00bb700px\u00bb module_alignment=\u00bbcenter\u00bb custom_margin=\u00bb||0px|\u00bb animation_style=\u00bbflip\u00bb animation_direction=\u00bbtop\u00bb global_colors_info=\u00bb{}\u00bb theme_builder_area=\u00bbpost_content\u00bb]<\/p>\n<h1>Preguntas Frecuentes<\/h1>\n<p>[\/et_pb_text][et_pb_divider color=\u00bb#4646c4&#8243; divider_position=\u00bbcenter\u00bb divider_weight=\u00bb2px\u00bb _builder_version=\u00bb4.16&#8243; max_width=\u00bb90px\u00bb max_width_tablet=\u00bb12%\u00bb max_width_last_edited=\u00bboff|desktop\u00bb module_alignment=\u00bbcenter\u00bb custom_margin=\u00bb|||\u00bb animation_style=\u00bbflip\u00bb animation_delay=\u00bb50ms\u00bb global_colors_info=\u00bb{}\u00bb theme_builder_area=\u00bbpost_content\u00bb][\/et_pb_divider][\/et_pb_column][\/et_pb_row][et_pb_row _builder_version=\u00bb4.21.0&#8243; _module_preset=\u00bbdefault\u00bb theme_builder_area=\u00bbpost_content\u00bb hover_enabled=\u00bb0&#8243; sticky_enabled=\u00bb0&#8243;][et_pb_column _builder_version=\u00bb4.21.0&#8243; _module_preset=\u00bbdefault\u00bb type=\u00bb4_4&#8243; theme_builder_area=\u00bbpost_content\u00bb][et_pb_accordion _builder_version=\u00bb4.21.0&#8243; _module_preset=\u00bbdefault\u00bb theme_builder_area=\u00bbpost_content\u00bb hover_enabled=\u00bb0&#8243; sticky_enabled=\u00bb0&#8243; width=\u00bb100%\u00bb animation_style=\u00bbfade\u00bb][et_pb_accordion_item title=\u00bbvacio\u00bb _builder_version=\u00bb4.21.0&#8243; _module_preset=\u00bbdefault\u00bb theme_builder_area=\u00bbpost_content\u00bb hover_enabled=\u00bb0&#8243; sticky_enabled=\u00bb0&#8243; custom_css_main_element=\u00bbdisplay:none;\u00bb][\/et_pb_accordion_item][et_pb_accordion_item title=\u00bb\u00bfPara quien est\u00e1 dirigido este curso?\u00bb _builder_version=\u00bb4.21.0&#8243; _module_preset=\u00bbdefault\u00bb open=\u00bbon\u00bb theme_builder_area=\u00bbpost_content\u00bb hover_enabled=\u00bb0&#8243; sticky_enabled=\u00bb0&#8243;]<\/p>\n<p><span>Este curso est\u00e1 pensado para m\u00e9dicos Radi\u00f3logos y Cardi\u00f3logos (o bien residentes en formaci\u00f3n) que quieran adquirir conocimientos b\u00e1sicos y avanzados en TC cardiaco, ayudando a conseguir los requisitos para la certificaci\u00f3n EACVI nivel 2. Tambi\u00e9n esta abierto a otros m\u00e9dicos con y sin especialidad con especial inter\u00e9s en este campo<\/span><\/p>\n<p>[\/et_pb_accordion_item][et_pb_accordion_item title=\u00bb\u00bfPor qu\u00e9 tan solo 30 plazas presenciales?\u00bb _builder_version=\u00bb4.21.0&#8243; _module_preset=\u00bbdefault\u00bb open=\u00bboff\u00bb theme_builder_area=\u00bbpost_content\u00bb hover_enabled=\u00bb0&#8243; sticky_enabled=\u00bb0&#8243;]<\/p>\n<p><span>Se ha decidido realizar el curso con tan solo 30 alumnos para poder optimizar la formaci\u00f3n mediante una atenci\u00f3n preferencial, dando amplio espacio a las preguntas y solucionar las dudas. Adem\u00e1s cada alumno tendr\u00e1 a disposici\u00f3n una Workstation avanzada para uso individual.<\/span><\/p>\n<p>[\/et_pb_accordion_item][et_pb_accordion_item title=\u00bb\u00bfEs necesaria una formaci\u00f3n previa en TC cardiaco?\u00bb _builder_version=\u00bb4.21.0&#8243; _module_preset=\u00bbdefault\u00bb theme_builder_area=\u00bbpost_content\u00bb hover_enabled=\u00bb0&#8243; sticky_enabled=\u00bb0&#8243; open=\u00bboff\u00bb]<\/p>\n<p>Tener conocimientos previos de imagen cardiovascular y\/o TC seria \u00fatil para aprovechar al m\u00e1ximo el curso, sin embargo no es imprescindible. Durante el curso y pre-curso se tratar\u00e1n tanto los aspectos b\u00e1sicos que los aspectos avanzados del TC cardiovascular.<\/p>\n<p>[\/et_pb_accordion_item][et_pb_accordion_item title=\u00bb\u00bfEs necesario disponer del EACVI level 1 para poder participar?\u00bb _builder_version=\u00bb4.21.0&#8243; _module_preset=\u00bbdefault\u00bb theme_builder_area=\u00bbpost_content\u00bb hover_enabled=\u00bb0&#8243; sticky_enabled=\u00bb0&#8243; open=\u00bboff\u00bb]<\/p>\n<section id=\"comp-js948ulv9\" class=\"comp-js948ulv9 CohWsy wixui-column-strip\">\n<div data-testid=\"columns\" class=\"V5AUxf\">\n<div id=\"comp-js948ulv13\" class=\"comp-js948ulv13 YzqVVZ wixui-column-strip__column\">\n<div data-mesh-id=\"comp-js948ulv13inlineContent\" data-testid=\"inline-content\" class=\"\">\n<div data-mesh-id=\"comp-js948ulv13inlineContent-gridContainer\" data-testid=\"mesh-container-content\">\n<div id=\"comp-js948ulv15\" class=\"KcpHeO tz5f0K comp-js948ulv15 wixui-rich-text\" data-testid=\"richTextElement\">\n<p class=\"font_8 wixui-rich-text__text\"><span class=\"wixui-rich-text__text\">No es necesario disponer del EACVI level 1.<\/span><\/p>\n<\/div>\n<\/div>\n<\/div>\n<\/div>\n<\/div>\n<\/section>\n<p>[\/et_pb_accordion_item][et_pb_accordion_item title=\u00bb\u00bfAl acabar el curso se entregar\u00e1 la certificaci\u00f3n de EACVI level 2?\u00bb _builder_version=\u00bb4.21.0&#8243; _module_preset=\u00bbdefault\u00bb theme_builder_area=\u00bbpost_content\u00bb hover_enabled=\u00bb0&#8243; sticky_enabled=\u00bb0&#8243; open=\u00bboff\u00bb]<\/p>\n<p class=\"font_8 wixui-rich-text__text\">Las certificaciones relacionadas con el TC cardiaco de la Sociedad Europea de Imagen Cardiovascular (EACVI),\u00a0 y tambi\u00e9n de BSCI y SCCT,\u00a0 dependen exclusivamente de las mismas sociedades. Dichas certificaciones no pueden ser entregadas por ning\u00fan curso.<\/p>\n<p class=\"font_8 wixui-rich-text__text\">Al acabar en \u00abMadrid Cardiac CT (SPECTRAL) Academy\u00bb se entregar\u00e1n:<\/p>\n<p class=\"font_8 wixui-rich-text__text\">1.-El logbook con al menos 150 casos correspondiente al numero m\u00ednimo para la certificaci\u00f3n nivel 2 de EACVI CT (parte practica).<\/p>\n<p class=\"font_8 wixui-rich-text__text\">2.-Se incluir\u00e1n 15-20 casos live, cumpliendo parcialmente los requisitos para la certificaci\u00f3n nivel 2 como la gran mayor\u00eda de los cursos similares.<\/p>\n<p class=\"font_8 wixui-rich-text__text\">3.-La certificaci\u00f3n de XX horas lectivas correspondientes a XX cr\u00e9ditos por la UFV (pendiente de validaci\u00f3n)<\/p>\n<p>[\/et_pb_accordion_item][et_pb_accordion_item title=\u00bb\u00bfQu\u00e9 tiene de diferente este curso?\u00bb _builder_version=\u00bb4.21.0&#8243; _module_preset=\u00bbdefault\u00bb theme_builder_area=\u00bbpost_content\u00bb hover_enabled=\u00bb0&#8243; sticky_enabled=\u00bb0&#8243; open=\u00bboff\u00bb]<\/p>\n<ul class=\"font_8 wixui-rich-text__text\">\n<li class=\"wixui-rich-text__text\">\n<p class=\"font_8 wixui-rich-text__text\">Se trata de uno de los primeros cursos en el mundo EACVI nivel 2 en Espa\u00f1ol.<\/p>\n<\/li>\n<li class=\"wixui-rich-text__text\">\n<p class=\"font_8 wixui-rich-text__text\">Es uno de los primero cursos del estilo en el Mundo que incluye las mas modernas tecnolog\u00edas de TC espectral.<\/p>\n<\/li>\n<li class=\"wixui-rich-text__text\">\n<p class=\"font_8 wixui-rich-text__text\">Comparaci\u00f3n con FFR-CT y Cateterismo<\/p>\n<\/li>\n<li class=\"wixui-rich-text__text\">\n<p class=\"font_8 wixui-rich-text__text\">Cuenta con ponentes de amplia experiencia y amplio reconocimiento<\/p>\n<\/li>\n<li class=\"wixui-rich-text__text\">\n<p class=\"font_8 wixui-rich-text__text\">Se realizar\u00e1 en unos de los centros de Imagen Cardiaca mas conocidos en Espa\u00f1a, adem\u00e1s de ser el primer centro del estado (y uno de los primeros en Europa) en montar un TC de detecci\u00f3n espectral<\/p>\n<\/li>\n<\/ul>\n<p>[\/et_pb_accordion_item][\/et_pb_accordion][\/et_pb_column][\/et_pb_row][\/et_pb_section][et_pb_section fb_built=\u00bb1&#8243; admin_label=\u00bbSubscribe\u00bb _builder_version=\u00bb4.16&#8243; background_color=\u00bb#313476&#8243; background_blend=\u00bbsoft-light\u00bb custom_padding=\u00bb100px|0px|100px|0px\u00bb global_colors_info=\u00bb{}\u00bb theme_builder_area=\u00bbpost_content\u00bb][et_pb_row _builder_version=\u00bb4.16&#8243; global_colors_info=\u00bb{}\u00bb theme_builder_area=\u00bbpost_content\u00bb][et_pb_column type=\u00bb4_4&#8243; _builder_version=\u00bb4.16&#8243; custom_padding=\u00bb|||\u00bb global_colors_info=\u00bb{}\u00bb custom_padding__hover=\u00bb|||\u00bb theme_builder_area=\u00bbpost_content\u00bb][et_pb_signup first_name_field=\u00bboff\u00bb last_name_field=\u00bboff\u00bb title=\u00bbStay Up To Date\u00bb description=\u00bbLorem ipsum dolor sit amet, consectetur adipiscing elit. Quisque placerat sapien condimentum imperdiet cursus.<br \/>\n\u00bb _builder_version=\u00bb4.16&#8243; form_field_background_color=\u00bb#282b66&#8243; form_field_text_color=\u00bb#ffffff\u00bb form_field_focus_background_color=\u00bb#ffffff\u00bb form_field_focus_text_color=\u00bb#ffffff\u00bb header_font=\u00bbMerriweather|700|||||||\u00bb header_font_size=\u00bb40px\u00bb header_line_height=\u00bb1.3em\u00bb body_font=\u00bb||||||||\u00bb body_font_size=\u00bb18px\u00bb body_line_height=\u00bb1.8em\u00bb result_message_font=\u00bb||||||||\u00bb result_message_text_color=\u00bb#717baf\u00bb use_background_color=\u00bboff\u00bb custom_button=\u00bbon\u00bb button_text_size=\u00bb14px\u00bb button_text_color=\u00bb#ffffff\u00bb button_bg_color=\u00bb#475bbd\u00bb button_border_width=\u00bb8px\u00bb button_border_color=\u00bb#475bbd\u00bb button_border_radius=\u00bb0px\u00bb button_letter_spacing=\u00bb1px\u00bb button_font=\u00bb|700||on|||||\u00bb button_icon=\u00bb&#x24;||divi||400&#8243; button_on_hover=\u00bboff\u00bb border_radii_fields=\u00bbon||||\u00bb button_letter_spacing_hover=\u00bb1px\u00bb focus_background_color=\u00bb#ffffff\u00bb focus_text_color=\u00bb#ffffff\u00bb global_colors_info=\u00bb{}\u00bb button_text_size__hover_enabled=\u00bboff\u00bb button_one_text_size__hover_enabled=\u00bboff\u00bb button_two_text_size__hover_enabled=\u00bboff\u00bb button_text_color__hover_enabled=\u00bboff\u00bb button_one_text_color__hover_enabled=\u00bboff\u00bb button_two_text_color__hover_enabled=\u00bboff\u00bb button_border_width__hover_enabled=\u00bboff\u00bb button_one_border_width__hover_enabled=\u00bboff\u00bb button_two_border_width__hover_enabled=\u00bboff\u00bb button_border_color__hover_enabled=\u00bboff\u00bb button_one_border_color__hover_enabled=\u00bboff\u00bb button_two_border_color__hover_enabled=\u00bboff\u00bb button_border_radius__hover_enabled=\u00bboff\u00bb button_one_border_radius__hover_enabled=\u00bboff\u00bb button_two_border_radius__hover_enabled=\u00bboff\u00bb button_letter_spacing__hover_enabled=\u00bbon\u00bb button_letter_spacing__hover=\u00bb1px\u00bb button_one_letter_spacing__hover_enabled=\u00bboff\u00bb button_two_letter_spacing__hover_enabled=\u00bboff\u00bb button_bg_color__hover_enabled=\u00bboff\u00bb button_one_bg_color__hover_enabled=\u00bboff\u00bb button_two_bg_color__hover_enabled=\u00bboff\u00bb theme_builder_area=\u00bbpost_content\u00bb]Lorem ipsum dolor sit amet, consectetur adipiscing elit. Quisque placerat sapien condimentum imperdiet cursus.<br \/>\n[\/et_pb_signup][\/et_pb_column][\/et_pb_row][\/et_pb_section]<\/p>\n","protected":false},"excerpt":{"rendered":"<p>Preguntas FrecuentesEste curso est\u00e1 pensado para m\u00e9dicos Radi\u00f3logos y Cardi\u00f3logos (o bien residentes en formaci\u00f3n) que quieran adquirir conocimientos b\u00e1sicos y avanzados en TC cardiaco, ayudando a conseguir los requisitos para la certificaci\u00f3n EACVI nivel 2. Tambi\u00e9n esta abierto a otros m\u00e9dicos con y sin especialidad con especial inter\u00e9s en este campoSe ha decidido realizar [&hellip;]<\/p>\n","protected":false},"author":1,"featured_media":0,"parent":0,"menu_order":0,"comment_status":"closed","ping_status":"closed","template":"","meta":{"_et_pb_use_builder":"on","_et_pb_old_content":"<!-- wp:divi\/placeholder \/-->","_et_gb_content_width":"","footnotes":""},"class_list":["post-43","page","type-page","status-publish","hentry"],"_links":{"self":[{"href":"https:\/\/pedro.alsurweb1.com.es\/index.php\/wp-json\/wp\/v2\/pages\/43","targetHints":{"allow":["GET"]}}],"collection":[{"href":"https:\/\/pedro.alsurweb1.com.es\/index.php\/wp-json\/wp\/v2\/pages"}],"about":[{"href":"https:\/\/pedro.alsurweb1.com.es\/index.php\/wp-json\/wp\/v2\/types\/page"}],"author":[{"embeddable":true,"href":"https:\/\/pedro.alsurweb1.com.es\/index.php\/wp-json\/wp\/v2\/users\/1"}],"replies":[{"embeddable":true,"href":"https:\/\/pedro.alsurweb1.com.es\/index.php\/wp-json\/wp\/v2\/comments?post=43"}],"version-history":[{"count":8,"href":"https:\/\/pedro.alsurweb1.com.es\/index.php\/wp-json\/wp\/v2\/pages\/43\/revisions"}],"predecessor-version":[{"id":55,"href":"https:\/\/pedro.alsurweb1.com.es\/index.php\/wp-json\/wp\/v2\/pages\/43\/revisions\/55"}],"wp:attachment":[{"href":"https:\/\/pedro.alsurweb1.com.es\/index.php\/wp-json\/wp\/v2\/media?parent=43"}],"curies":[{"name":"wp","href":"https:\/\/api.w.org\/{rel}","templated":true}]}}